{"id":95,"date":"2026-03-14T15:44:16","date_gmt":"2026-03-14T15:44:16","guid":{"rendered":"https:\/\/mk-interiors.pl\/?page_id=95"},"modified":"2026-03-14T15:44:16","modified_gmt":"2026-03-14T15:44:16","slug":"cennik","status":"publish","type":"page","link":"https:\/\/mk-interiors.pl\/index.php\/cennik\/","title":{"rendered":"Cennik"},"content":{"rendered":"\n<h2 class=\"wp-block-heading\">Cennik us\u0142ug- pranie tapicerki<\/h2>\n\n\n\n<p>Poni\u017cej znajduje si\u0119 orientacyjny cennik us\u0142ug prania tapicerki. Cena zale\u017cy od wielko\u015bci mebla, rodzaju materia\u0142u oraz stopnia zabrudzenia. Ostateczna wycena ustalana jest indywidualnie przed realizacj\u0105 us\u0142ugi.<\/p>\n\n\n\n<div class=\"wp-block-columns is-layout-flex wp-container-core-columns-is-layout-9d6595d7 wp-block-columns-is-layout-flex\">\n<div class=\"wp-block-column is-layout-flow wp-block-column-is-layout-flow\">\n<figure class=\"wp-block-gallery has-nested-images columns-default is-cropped wp-block-gallery-1 is-layout-flex wp-block-gallery-is-layout-flex\">\n<figure class=\"wp-block-image size-large\"><img loading=\"lazy\" decoding=\"async\" width=\"724\" height=\"1024\" data-id=\"96\" src=\"https:\/\/mk-interiors.pl\/wp-content\/uploads\/2026\/03\/aa212b1f-c71a-498d-be25-87a470b47678-1-724x1024.jpg\" alt=\"\" class=\"wp-image-96\" srcset=\"https:\/\/mk-interiors.pl\/wp-content\/uploads\/2026\/03\/aa212b1f-c71a-498d-be25-87a470b47678-1-724x1024.jpg 724w, https:\/\/mk-interiors.pl\/wp-content\/uploads\/2026\/03\/aa212b1f-c71a-498d-be25-87a470b47678-1-212x300.jpg 212w, https:\/\/mk-interiors.pl\/wp-content\/uploads\/2026\/03\/aa212b1f-c71a-498d-be25-87a470b47678-1-768x1086.jpg 768w, https:\/\/mk-interiors.pl\/wp-content\/uploads\/2026\/03\/aa212b1f-c71a-498d-be25-87a470b47678-1-1086x1536.jpg 1086w, https:\/\/mk-interiors.pl\/wp-content\/uploads\/2026\/03\/aa212b1f-c71a-498d-be25-87a470b47678-1.jpg 1240w\" sizes=\"auto, (max-width: 724px) 100vw, 724px\" \/><\/figure>\n<\/figure>\n<\/div>\n\n\n\n<div class=\"wp-block-column is-layout-flow wp-block-column-is-layout-flow\">\n<figure class=\"wp-block-gallery has-nested-images columns-default is-cropped wp-block-gallery-2 is-layout-flex wp-block-gallery-is-layout-flex\">\n<figure class=\"wp-block-image size-large\"><img loading=\"lazy\" decoding=\"async\" width=\"724\" height=\"1024\" data-id=\"97\" src=\"https:\/\/mk-interiors.pl\/wp-content\/uploads\/2026\/03\/b2afcc69-a3e7-4f13-9f1d-e0a1b2b8d68b-1-724x1024.jpg\" alt=\"\" class=\"wp-image-97\" srcset=\"https:\/\/mk-interiors.pl\/wp-content\/uploads\/2026\/03\/b2afcc69-a3e7-4f13-9f1d-e0a1b2b8d68b-1-724x1024.jpg 724w, https:\/\/mk-interiors.pl\/wp-content\/uploads\/2026\/03\/b2afcc69-a3e7-4f13-9f1d-e0a1b2b8d68b-1-212x300.jpg 212w, https:\/\/mk-interiors.pl\/wp-content\/uploads\/2026\/03\/b2afcc69-a3e7-4f13-9f1d-e0a1b2b8d68b-1-768x1086.jpg 768w, https:\/\/mk-interiors.pl\/wp-content\/uploads\/2026\/03\/b2afcc69-a3e7-4f13-9f1d-e0a1b2b8d68b-1-1086x1536.jpg 1086w, https:\/\/mk-interiors.pl\/wp-content\/uploads\/2026\/03\/b2afcc69-a3e7-4f13-9f1d-e0a1b2b8d68b-1.jpg 1240w\" sizes=\"auto, (max-width: 724px) 100vw, 724px\" \/><\/figure>\n<\/figure>\n<\/div>\n<\/div>\n\n\n\n<h2 class=\"wp-block-heading\">Cennik us\u0142ug- malowanie<\/h2>\n\n\n\n<p>Poni\u017cej prezentujemy orientacyjny cennik us\u0142ug malowania \u015bcian i sufit\u00f3w. Podane ceny zaczynaj\u0105 si\u0119 od wskazanych kwot i mog\u0105 si\u0119 r\u00f3\u017cni\u0107 w zale\u017cno\u015bci od powierzchni, stanu \u015bcian oraz zakresu prac przygotowawczych. Ka\u017cde zlecenie wyceniamy indywidualnie, aby zapewni\u0107 najwy\u017csz\u0105 jako\u015b\u0107 wykonania. Dla wi\u0119kszych zlece\u0144 oferujemy rabaty. Mo\u017cliwo\u015b\u0107 ma\u0142ej negocjacji cenowej.<\/p>\n\n\n\n<p><\/p>\n\n\n\n<figure class=\"wp-block-image size-large\"><img loading=\"lazy\" decoding=\"async\" width=\"683\" height=\"1024\" src=\"https:\/\/mk-interiors.pl\/wp-content\/uploads\/2026\/03\/cennik-malowanie-v-final-1-683x1024.png\" alt=\"\" class=\"wp-image-98\" srcset=\"https:\/\/mk-interiors.pl\/wp-content\/uploads\/2026\/03\/cennik-malowanie-v-final-1-683x1024.png 683w, https:\/\/mk-interiors.pl\/wp-content\/uploads\/2026\/03\/cennik-malowanie-v-final-1-200x300.png 200w, https:\/\/mk-interiors.pl\/wp-content\/uploads\/2026\/03\/cennik-malowanie-v-final-1-768x1152.png 768w, https:\/\/mk-interiors.pl\/wp-content\/uploads\/2026\/03\/cennik-malowanie-v-final-1.png 1024w\" sizes=\"auto, (max-width: 683px) 100vw, 683px\" \/><\/figure>\n","protected":false},"excerpt":{"rendered":"<p>Cennik us\u0142ug- pranie tapicerki Poni\u017cej znajduje si\u0119 orientacyjny cennik us\u0142ug prania tapicerki. Cena zale\u017cy od wielko\u015bci mebla, rodzaju materia\u0142u oraz stopnia zabrudzenia. Ostateczna wycena ustalana jest indywidualnie przed realizacj\u0105 us\u0142ugi. Cennik us\u0142ug- malowanie Poni\u017cej prezentujemy orientacyjny cennik us\u0142ug malowania \u015bcian i sufit\u00f3w. Podane ceny zaczynaj\u0105 si\u0119 od wskazanych kwot i mog\u0105 si\u0119 r\u00f3\u017cni\u0107 w zale\u017cno\u015bci [&hellip;]<\/p>\n","protected":false},"author":1,"featured_media":0,"parent":0,"menu_order":0,"comment_status":"closed","ping_status":"closed","template":"","meta":{"footnotes":""},"class_list":["post-95","page","type-page","status-publish","hentry"],"jetpack_sharing_enabled":true,"_links":{"self":[{"href":"https:\/\/mk-interiors.pl\/index.php\/wp-json\/wp\/v2\/pages\/95","targetHints":{"allow":["GET"]}}],"collection":[{"href":"https:\/\/mk-interiors.pl\/index.php\/wp-json\/wp\/v2\/pages"}],"about":[{"href":"https:\/\/mk-interiors.pl\/index.php\/wp-json\/wp\/v2\/types\/page"}],"author":[{"embeddable":true,"href":"https:\/\/mk-interiors.pl\/index.php\/wp-json\/wp\/v2\/users\/1"}],"replies":[{"embeddable":true,"href":"https:\/\/mk-interiors.pl\/index.php\/wp-json\/wp\/v2\/comments?post=95"}],"version-history":[{"count":1,"href":"https:\/\/mk-interiors.pl\/index.php\/wp-json\/wp\/v2\/pages\/95\/revisions"}],"predecessor-version":[{"id":99,"href":"https:\/\/mk-interiors.pl\/index.php\/wp-json\/wp\/v2\/pages\/95\/revisions\/99"}],"wp:attachment":[{"href":"https:\/\/mk-interiors.pl\/index.php\/wp-json\/wp\/v2\/media?parent=95"}],"curies":[{"name":"wp","href":"https:\/\/api.w.org\/{rel}","templated":true}]}}