{"id":9,"date":"2026-02-15T15:06:23","date_gmt":"2026-02-15T15:06:23","guid":{"rendered":"https:\/\/mk-interiors.pl\/?page_id=9"},"modified":"2026-02-15T15:28:44","modified_gmt":"2026-02-15T15:28:44","slug":"witamy-na-stronie-mk-interiors","status":"publish","type":"page","link":"https:\/\/mk-interiors.pl\/index.php\/witamy-na-stronie-mk-interiors\/","title":{"rendered":"O nas"},"content":{"rendered":"\n<figure class=\"wp-block-image size-large is-resized\"><img loading=\"lazy\" decoding=\"async\" width=\"512\" height=\"512\" src=\"https:\/\/mk-interiors.pl\/wp-content\/uploads\/2026\/02\/cropped-4e13c6c9-5f45-4caa-bb2b-ce3bb76be7f8.jpg\" alt=\"\" class=\"wp-image-7\" style=\"width:198px;height:auto\" srcset=\"https:\/\/mk-interiors.pl\/wp-content\/uploads\/2026\/02\/cropped-4e13c6c9-5f45-4caa-bb2b-ce3bb76be7f8.jpg 512w, https:\/\/mk-interiors.pl\/wp-content\/uploads\/2026\/02\/cropped-4e13c6c9-5f45-4caa-bb2b-ce3bb76be7f8-300x300.jpg 300w, https:\/\/mk-interiors.pl\/wp-content\/uploads\/2026\/02\/cropped-4e13c6c9-5f45-4caa-bb2b-ce3bb76be7f8-150x150.jpg 150w, https:\/\/mk-interiors.pl\/wp-content\/uploads\/2026\/02\/cropped-4e13c6c9-5f45-4caa-bb2b-ce3bb76be7f8-270x270.jpg 270w, https:\/\/mk-interiors.pl\/wp-content\/uploads\/2026\/02\/cropped-4e13c6c9-5f45-4caa-bb2b-ce3bb76be7f8-192x192.jpg 192w, https:\/\/mk-interiors.pl\/wp-content\/uploads\/2026\/02\/cropped-4e13c6c9-5f45-4caa-bb2b-ce3bb76be7f8-180x180.jpg 180w, https:\/\/mk-interiors.pl\/wp-content\/uploads\/2026\/02\/cropped-4e13c6c9-5f45-4caa-bb2b-ce3bb76be7f8-32x32.jpg 32w\" sizes=\"auto, (max-width: 512px) 100vw, 512px\" \/><\/figure>\n\n\n\n<p>M&amp;K Interiors to firma zajmuj\u0105ca si\u0119 kompleksowym od\u015bwie\u017caniem i wyko\u0144czeniem wn\u0119trz, powsta\u0142a z wieloletniego do\u015bwiadczenia w bran\u017cy oraz pasji do estetycznych, dopracowanych przestrzeni.<\/p>\n\n\n\n<p>Jako marka jeste\u015bmy nowi na rynku, posiadamy kilkunastoletni\u0105 praktyk\u0119  oraz wiedz\u0119 zdobywan\u0105 przy realizacji licznych projekt\u00f3w. Dzi\u0119ki temu \u0142\u0105czymy \u015bwie\u017ce podej\u015bcie z do\u015bwiadczeniem i sprawdzonymi rozwi\u0105zaniami.<\/p>\n\n\n\n<p>Stawiamy na wysok\u0105 jako\u015b\u0107 wykonania, terminowo\u015b\u0107 oraz dba\u0142o\u015b\u0107 o detale, kt\u00f3re decyduj\u0105 o ko\u0144cowym efekcie. Naszym celem jest tworzenie wn\u0119trz funkcjonalnych, estetycznych i dopracowanych w ka\u017cdym szczeg\u00f3le.<\/p>\n\n\n\n<p>Dzia\u0142amy na terenie Wroc\u0142awia i okolic, realizuj\u0105c zlecenia dla klient\u00f3w indywidualnych oraz biznesowych, kt\u00f3rzy ceni\u0105 profesjonalizm i solidne wykonanie.<\/p>\n","protected":false},"excerpt":{"rendered":"<p>M&amp;K Interiors to firma zajmuj\u0105ca si\u0119 kompleksowym od\u015bwie\u017caniem i wyko\u0144czeniem wn\u0119trz, powsta\u0142a z wieloletniego do\u015bwiadczenia w bran\u017cy oraz pasji do estetycznych, dopracowanych przestrzeni. Jako marka jeste\u015bmy nowi na rynku, posiadamy kilkunastoletni\u0105 praktyk\u0119 oraz wiedz\u0119 zdobywan\u0105 przy realizacji licznych projekt\u00f3w. Dzi\u0119ki temu \u0142\u0105czymy \u015bwie\u017ce podej\u015bcie z do\u015bwiadczeniem i sprawdzonymi rozwi\u0105zaniami. Stawiamy na wysok\u0105 jako\u015b\u0107 wykonania, terminowo\u015b\u0107 [&hellip;]<\/p>\n","protected":false},"author":1,"featured_media":0,"parent":0,"menu_order":0,"comment_status":"closed","ping_status":"closed","template":"","meta":{"footnotes":""},"class_list":["post-9","page","type-page","status-publish","hentry"],"jetpack_sharing_enabled":true,"_links":{"self":[{"href":"https:\/\/mk-interiors.pl\/index.php\/wp-json\/wp\/v2\/pages\/9","targetHints":{"allow":["GET"]}}],"collection":[{"href":"https:\/\/mk-interiors.pl\/index.php\/wp-json\/wp\/v2\/pages"}],"about":[{"href":"https:\/\/mk-interiors.pl\/index.php\/wp-json\/wp\/v2\/types\/page"}],"author":[{"embeddable":true,"href":"https:\/\/mk-interiors.pl\/index.php\/wp-json\/wp\/v2\/users\/1"}],"replies":[{"embeddable":true,"href":"https:\/\/mk-interiors.pl\/index.php\/wp-json\/wp\/v2\/comments?post=9"}],"version-history":[{"count":3,"href":"https:\/\/mk-interiors.pl\/index.php\/wp-json\/wp\/v2\/pages\/9\/revisions"}],"predecessor-version":[{"id":24,"href":"https:\/\/mk-interiors.pl\/index.php\/wp-json\/wp\/v2\/pages\/9\/revisions\/24"}],"wp:attachment":[{"href":"https:\/\/mk-interiors.pl\/index.php\/wp-json\/wp\/v2\/media?parent=9"}],"curies":[{"name":"wp","href":"https:\/\/api.w.org\/{rel}","templated":true}]}}