{"id":3,"date":"2026-02-15T14:30:29","date_gmt":"2026-02-15T14:30:29","guid":{"rendered":"http:\/\/mk-interiors.pl\/?page_id=3"},"modified":"2026-02-15T17:41:04","modified_gmt":"2026-02-15T17:41:04","slug":"privacy-policy","status":"publish","type":"page","link":"https:\/\/mk-interiors.pl\/index.php\/privacy-policy\/","title":{"rendered":"Polityka prywatno\u015bci"},"content":{"rendered":"\n<p><strong>I. INFORMACJE OG\u00d3LNE<\/strong><\/p>\n\n\n\n<p>Szanujemy prywatno\u015b\u0107 Pani\/Pana jako u\u017cytkownika naszego Serwisu internetowego. Pragniemy, aby ka\u017cdy, kto odwiedza t\u0119 witryn\u0119, mia\u0142 pe\u0142n\u0105 wiedz\u0119, jak mo\u017ce chroni\u0107 swoj\u0105 prywatno\u015b\u0107. Dlatego zach\u0119camy do zapoznania si\u0119 z nasz\u0105 \u201ePolityk\u0105 Prywatno\u015bci\u201d Serwisu internetowego <strong>www.mk-interiors.pl.<\/strong><\/p>\n\n\n\n<p>Niniejsza \u201ePolityka Prywatno\u015bci\u201d jest spe\u0142nieniem obowi\u0105zku informacyjnego wynikaj\u0105cego z zapis\u00f3w Rozporz\u0105dzenia Parlamentu Europejskiego i Rady (UE) 2016\/679 z dnia 27 kwietnia 2016 r. w sprawie ochrony os\u00f3b fizycznych w zwi\u0105zku z przetwarzaniem danych osobowych i w sprawie swobodnego przep\u0142ywu takich danych oraz uchylenia dyrektywy 95\/46\/WE (og\u00f3lne rozporz\u0105dzenie o ochronie danych);<br>a tak\u017ce z zapis\u00f3w USTAWY z dnia 10 maja 2018 r. o ochronie danych osobowych (Dz.U. 2018 poz. 1000) nazywane dalej \u201eRODO\u201d.<\/p>\n\n\n\n<ol class=\"wp-block-list\">\n<li><strong>W\u0142a\u015bcicielem i operatorem Serwisu jest:<\/strong><\/li>\n<\/ol>\n\n\n\n<p>M&amp;K Interiors Kamil Kaczmarek, Ul. Owocowa 11, 55-080 Sadk\u00f3w.<\/p>\n\n\n\n<p>Zgodnie z zapisami RODO w\u0142a\u015bciciel Serwisu jest tak\u017ce administratorem danych osobowych.<\/p>\n\n\n\n<ol start=\"2\" class=\"wp-block-list\">\n<li><strong>W jaki spos\u00f3b mo\u017cna si\u0119 z nami skontaktowa\u0107 w sprawie przetwarzania danych osobowych?<\/strong><\/li>\n<\/ol>\n\n\n\n<p>Mo\u017cna to zrobi\u0107 poprzez adres email mk.interiors2026@gmail.com lub listownie na adres: M&amp;K Interiors, Ul. Owocowa 11, 55-080 Sadk\u00f3w.<\/p>\n\n\n\n<ol start=\"3\" class=\"wp-block-list\">\n<li><strong>Dane osobowe gromadzimy wy\u0142\u0105cznie za zgod\u0105 u\u017cytkownik\u00f3w korzystaj\u0105cych z formularzy w Serwisie oraz za pomoc\u0105 poczty email.<\/strong><\/li>\n\n\n\n<li><strong>Respektujemy wszelkie prawa naszych u\u017cytkownik\u00f3w w zakresie ich danych osobowych wynikaj\u0105ce z RODO m.in.:<\/strong><\/li>\n<\/ol>\n\n\n\n<ul class=\"wp-block-list\">\n<li>prawo dost\u0119pu do danych (art. 15 RODO),<\/li>\n\n\n\n<li>prawo do sprostowania danych (art. 16 RODO),<\/li>\n\n\n\n<li>prawo do usuni\u0119cia danych (\u201eprawo do bycia zapomnianym\u201d) (art. 17 RODO)<\/li>\n\n\n\n<li>prawo do ograniczenia przetwarzania (art. 18 RODO)<\/li>\n\n\n\n<li>prawo do przenoszenia danych (art. 20 RODO)<\/li>\n\n\n\n<li>prawo do sprzeciwu (art. 21 RODO).I<\/li>\n<\/ul>\n\n\n\n<p><strong>II. GROMADZENIE LOG\u00d3W SERWERA<\/strong><\/p>\n\n\n\n<ol class=\"wp-block-list\">\n<li>Zgodnie z przyj\u0119t\u0105 praktyk\u0105 wi\u0119kszo\u015bci serwis\u00f3w internetowych, przechowujemy zapytania HTTPS kierowane do naszego serwera. Przegl\u0105dane zasoby identyfikowane s\u0105 poprzez adresy URL. Dok\u0142adny wykaz informacji przechowywanych w plikach log\u00f3w serwera WWW jest nast\u0119puj\u0105cy:<\/li>\n<\/ol>\n\n\n\n<ol class=\"wp-block-list\"><\/ol>\n\n\n\n<ul class=\"wp-block-list\">\n<li>Publiczny adres IP komputera z kt\u00f3rego nadesz\u0142o zapytanie.<\/li>\n\n\n\n<li>Nazwa stacji klienta \u2013 identyfikacja realizowana przez protok\u00f3\u0142 HTTPS<\/li>\n\n\n\n<li>Nazwa u\u017cytkownika podawana w procesie autoryzacji.<\/li>\n\n\n\n<li>Czas nadej\u015bcia zapytania.<\/li>\n\n\n\n<li>Pierwszy wiersz \u017c\u0105dania HTTPS.<\/li>\n\n\n\n<li>Kod odpowiedzi HTTPS.<\/li>\n\n\n\n<li>Liczba wys\u0142anych przez serwer bajt\u00f3w.<\/li>\n\n\n\n<li>Adres URL serwisu poprzednio odwiedzanego przez u\u017cytkownika (referer link) \u2013 w przypadku gdy przej\u015bcie do serwisu nast\u0105pi\u0142o przez odno\u015bnik (np. z wynik\u00f3w wyszukiwania wyszukiwarki lub innego serwisu internetowej).<\/li>\n\n\n\n<li>Informacje o przegl\u0105darce u\u017cytkownika.<\/li>\n\n\n\n<li>Informacje o b\u0142\u0119dach, jakie nast\u0105pi\u0142y przy realizacji transakcji HTTPS.<br>Dane te nie s\u0105 kojarzone z konkretnymi osobami przegl\u0105daj\u0105cymi nasz Serwis i nie stanowi\u0105 gromadzenia danych osobowych w my\u015bl RODO.<\/li>\n<\/ul>\n\n\n\n<ol start=\"2\" class=\"wp-block-list\">\n<li>Wykorzystywanie danych: zebrane logi przechowywane s\u0105 przez czas nieokre\u015blony jako materia\u0142 pomocniczy s\u0142u\u017c\u0105cy do administrowania Serwisem. Informacje w nich zawarte nie s\u0105 ujawniane nikomu poza osobami upowa\u017cnionymi do administrowania serwerem. Na podstawie plik\u00f3w log\u00f3w mog\u0105 by\u0107 generowane statystyki stanowi\u0105ce pomoc w administrowaniu. Zbiorcze podsumowania w postaci takich statystyk nie zawieraj\u0105 \u017cadnych cech identyfikuj\u0105cych osoby odwiedzaj\u0105ce serwis.<\/li>\n<\/ol>\n\n\n\n<p><strong>III. PLIKI COOKIES<\/strong><\/p>\n\n\n\n<ol class=\"wp-block-list\">\n<li>Poprzez piki \u201ccookies\u201d nale\u017cy rozumie\u0107 dane informatyczne przechowywane w urz\u0105dzeniach ko\u0144cowych u\u017cytkownik\u00f3w, przeznaczone do korzystania ze stron internetowych. W szczeg\u00f3lno\u015bci s\u0105 to pliki tekstowe, zawieraj\u0105ce nazw\u0119 strony internetowej, z kt\u00f3rej pochodz\u0105, czas przechowywania ich na urz\u0105dzeniu ko\u0144cowym oraz unikalny numer.<\/li>\n\n\n\n<li>Serwis nie zbiera w spos\u00f3b automatyczny \u017cadnych informacji, z wyj\u0105tkiem informacji zawartych w plikach cookies oraz log\u00f3w serwera.<\/li>\n\n\n\n<li>Pliki cookies przeznaczone s\u0105 do korzystania ze stron serwisu. Operator wykorzystuje te pliki do:<\/li>\n<\/ol>\n\n\n\n<ul class=\"wp-block-list\">\n<li>mo\u017cliwo\u015bci logowania i utrzymywania sesji u\u017cytkownika na ka\u017cdej kolejnej stronie serwisu<\/li>\n\n\n\n<li>dopasowania zawarto\u015bci strony internetowej do indywidualnych preferencji u\u017cytkownika, przede wszystkim pliki te rozpoznaj\u0105 jego urz\u0105dzenie, aby zgodnie z jego preferencjami wy\u015bwietli\u0107 stron\u0119<\/li>\n\n\n\n<li>do tworzenia anonimowych statystyk z wy\u0142\u0105czeniem mo\u017cliwo\u015bci identyfikacji u\u017cytkownika.<\/li>\n<\/ul>\n\n\n\n<ol start=\"4\" class=\"wp-block-list\">\n<li>Pliki cookies wykorzystywane przez partner\u00f3w operatora strony internetowej, w tym w szczeg\u00f3lno\u015bci u\u017cytkownik\u00f3w strony internetowej, podlegaj\u0105 ich w\u0142asnej polityce prywatno\u015bci. Zach\u0119camy do zapoznania si\u0119 z polityk\u0105 prywatno\u015bci naszych partner\u00f3w.<\/li>\n\n\n\n<li>Partnerzy opisani w punkcie 4 to m.in.:<\/li>\n<\/ol>\n\n\n\n<ul class=\"wp-block-list\">\n<li>Facebook (www.facebook.com)<\/li>\n<\/ul>\n\n\n\n<p>Operator Serwisu informuje, \u017ce zmiany ustawie\u0144 w przegl\u0105darce internetowej u\u017cytkownika mog\u0105 uniemo\u017cliwi\u0107 poprawne dzia\u0142anie Stron Internetowych.<\/p>\n\n\n\n<p>6. W trosce o bezpiecze\u0144stwo powierzonych nam danych opracowali\u015bmy wewn\u0119trzne procedury i zalecenia, kt\u00f3re maj\u0105 zapobiec udost\u0119pnieniu danych osobom nieupowa\u017cnionym. Kontrolujemy ich wykonywanie i stale sprawdzamy ich zgodno\u015b\u0107 z odpowiednimi aktami prawnymi \u2013 ustaw\u0105 o ochronie danych osobowych, ustaw\u0105 o \u015bwiadczeniu us\u0142ug drog\u0105 elektroniczn\u0105, a tak\u017ce wszelkiego rodzaju aktach wykonawczych i aktach prawa wsp\u00f3lnotowego.<\/p>\n\n\n\n<p>7. Standardowo oprogramowanie s\u0142u\u017c\u0105ce do przegl\u0105dania stron internetowych domy\u015blnie dopuszcza umieszczanie plik\u00f3w cookies na urz\u0105dzeniu ko\u0144cowym U\u017cytkownika. Ustawienia te mog\u0105 zosta\u0107 zmienione przez U\u017cytkownika w taki spos\u00f3b, aby blokowa\u0107 automatyczn\u0105 obs\u0142ug\u0119 \u201ccookies\u201d w ustawieniach przegl\u0105darki internetowej b\u0105d\u017a informowa\u0107 o ich ka\u017cdorazowym przes\u0142aniu na urz\u0105dzenia u\u017cytkownika.<\/p>\n\n\n\n<p>8. U\u017cytkownicy Serwisu mog\u0105 dokona\u0107 w ka\u017cdym czasie zmiany ustawie\u0144 dotycz\u0105cych plik\u00f3w cookies. Szczeg\u00f3\u0142owe informacje o mo\u017cliwo\u015bci i sposobach obs\u0142ugi plik\u00f3w cookies dost\u0119pne s\u0105 w ustawieniach oprogramowania (przegl\u0105darki internetowej).<\/p>\n\n\n\n<p>9. Operator Serwisu informuje, \u017ce zmiany ustawie\u0144 w przegl\u0105darce internetowej u\u017cytkownika mog\u0105 uniemo\u017cliwi\u0107 poprawne dzia\u0142anie Stron Internetowych. <\/p>\n","protected":false},"excerpt":{"rendered":"<p>I. INFORMACJE OG\u00d3LNE Szanujemy prywatno\u015b\u0107 Pani\/Pana jako u\u017cytkownika naszego Serwisu internetowego. Pragniemy, aby ka\u017cdy, kto odwiedza t\u0119 witryn\u0119, mia\u0142 pe\u0142n\u0105 wiedz\u0119, jak mo\u017ce chroni\u0107 swoj\u0105 prywatno\u015b\u0107. Dlatego zach\u0119camy do zapoznania si\u0119 z nasz\u0105 \u201ePolityk\u0105 Prywatno\u015bci\u201d Serwisu internetowego www.mk-interiors.pl. Niniejsza \u201ePolityka Prywatno\u015bci\u201d jest spe\u0142nieniem obowi\u0105zku informacyjnego wynikaj\u0105cego z zapis\u00f3w Rozporz\u0105dzenia Parlamentu Europejskiego i Rady (UE) 2016\/679 [&hellip;]<\/p>\n","protected":false},"author":1,"featured_media":0,"parent":0,"menu_order":0,"comment_status":"closed","ping_status":"open","template":"","meta":{"footnotes":""},"class_list":["post-3","page","type-page","status-publish","hentry"],"jetpack_sharing_enabled":true,"_links":{"self":[{"href":"https:\/\/mk-interiors.pl\/index.php\/wp-json\/wp\/v2\/pages\/3","targetHints":{"allow":["GET"]}}],"collection":[{"href":"https:\/\/mk-interiors.pl\/index.php\/wp-json\/wp\/v2\/pages"}],"about":[{"href":"https:\/\/mk-interiors.pl\/index.php\/wp-json\/wp\/v2\/types\/page"}],"author":[{"embeddable":true,"href":"https:\/\/mk-interiors.pl\/index.php\/wp-json\/wp\/v2\/users\/1"}],"replies":[{"embeddable":true,"href":"https:\/\/mk-interiors.pl\/index.php\/wp-json\/wp\/v2\/comments?post=3"}],"version-history":[{"count":1,"href":"https:\/\/mk-interiors.pl\/index.php\/wp-json\/wp\/v2\/pages\/3\/revisions"}],"predecessor-version":[{"id":57,"href":"https:\/\/mk-interiors.pl\/index.php\/wp-json\/wp\/v2\/pages\/3\/revisions\/57"}],"wp:attachment":[{"href":"https:\/\/mk-interiors.pl\/index.php\/wp-json\/wp\/v2\/media?parent=3"}],"curies":[{"name":"wp","href":"https:\/\/api.w.org\/{rel}","templated":true}]}}