{"id":15,"date":"2026-02-15T15:12:45","date_gmt":"2026-02-15T15:12:45","guid":{"rendered":"https:\/\/mk-interiors.pl\/?page_id=15"},"modified":"2026-02-22T10:30:43","modified_gmt":"2026-02-22T10:30:43","slug":"nasze-realizacje","status":"publish","type":"page","link":"https:\/\/mk-interiors.pl\/index.php\/nasze-realizacje\/","title":{"rendered":"Nasze realizacje"},"content":{"rendered":"\n<p><strong>Metamorfoza kuchni \u2013 szybka zmiana, nowoczesny efekt<\/strong><br>Kuchnia wymaga\u0142a od\u015bwie\u017cenia i nowego charakteru. Zielona, niemodna ju\u017c szyba kuchenna od dawna prosi\u0142a si\u0119 o zmian\u0119, a z biegiem lat &#8211; wraz z naturaln\u0105 prac\u0105 budynku oraz incydentalnym wierceniem na klatce schodowej &#8211; zacz\u0119\u0142a dodatkowo p\u0119ka\u0107. To by\u0142 wyra\u017any sygna\u0142, \u017ce czas na dzia\u0142anie.<br>Zamiast tradycyjnych rozwi\u0105za\u0144 postawili\u015bmy na panele winylowe. Okaza\u0142y si\u0119 idealnym wyborem &#8211; nie tylko nada\u0142y kuchni \u015bwie\u017cy, nowoczesny wygl\u0105d, ale r\u00f3wnie\u017c pozwoli\u0142y na szybki i precyzyjny monta\u017c. Materia\u0142 jest \u0142atwy w docinaniu i uk\u0142adaniu, dzi\u0119ki czemu ca\u0142a realizacja przebieg\u0142a sprawnie i bezproblemowo.<br>Efekt? Estetyczna, od\u015bwie\u017cona przestrze\u0144 i kuchnia, kt\u00f3ra zyska\u0142a zupe\u0142nie nowe \u017cycie.<\/p>\n\n\n\n<div class=\"wp-block-columns is-layout-flex wp-container-core-columns-is-layout-9d6595d7 wp-block-columns-is-layout-flex\">\n<div class=\"wp-block-column is-layout-flow wp-block-column-is-layout-flow\">\n<h2 class=\"wp-block-heading\">Kuchnia w bloku- przed<\/h2>\n<\/div>\n\n\n\n<div class=\"wp-block-column is-layout-flow wp-block-column-is-layout-flow\">\n<h2 class=\"wp-block-heading\">Kuchnia w bloku- po<\/h2>\n<\/div>\n<\/div>\n\n\n\n<div class=\"wp-block-columns is-layout-flex wp-container-core-columns-is-layout-9d6595d7 wp-block-columns-is-layout-flex\">\n<div class=\"wp-block-column is-layout-flow wp-block-column-is-layout-flow\">\n<figure class=\"wp-block-gallery has-nested-images columns-default is-cropped wp-block-gallery-1 is-layout-flex wp-block-gallery-is-layout-flex\">\n<figure class=\"wp-block-image size-large\"><img loading=\"lazy\" decoding=\"async\" width=\"768\" height=\"1024\" data-id=\"75\" src=\"https:\/\/mk-interiors.pl\/wp-content\/uploads\/2026\/02\/3cc47ad0-208f-48f1-a178-f16252f1341a-1-768x1024.jpg\" alt=\"\" class=\"wp-image-75\" srcset=\"https:\/\/mk-interiors.pl\/wp-content\/uploads\/2026\/02\/3cc47ad0-208f-48f1-a178-f16252f1341a-1-768x1024.jpg 768w, https:\/\/mk-interiors.pl\/wp-content\/uploads\/2026\/02\/3cc47ad0-208f-48f1-a178-f16252f1341a-1-225x300.jpg 225w, https:\/\/mk-interiors.pl\/wp-content\/uploads\/2026\/02\/3cc47ad0-208f-48f1-a178-f16252f1341a-1-1152x1536.jpg 1152w, https:\/\/mk-interiors.pl\/wp-content\/uploads\/2026\/02\/3cc47ad0-208f-48f1-a178-f16252f1341a-1.jpg 1536w\" sizes=\"auto, (max-width: 768px) 100vw, 768px\" \/><\/figure>\n<\/figure>\n<\/div>\n\n\n\n<div class=\"wp-block-column is-layout-flow wp-block-column-is-layout-flow\">\n<figure class=\"wp-block-gallery has-nested-images columns-default is-cropped wp-block-gallery-2 is-layout-flex wp-block-gallery-is-layout-flex\">\n<figure class=\"wp-block-image size-large\"><img loading=\"lazy\" decoding=\"async\" width=\"768\" height=\"1024\" data-id=\"73\" src=\"https:\/\/mk-interiors.pl\/wp-content\/uploads\/2026\/02\/ca5551f8-17bc-488c-9bd7-e30218876253-768x1024.jpg\" alt=\"\" class=\"wp-image-73\" srcset=\"https:\/\/mk-interiors.pl\/wp-content\/uploads\/2026\/02\/ca5551f8-17bc-488c-9bd7-e30218876253-768x1024.jpg 768w, https:\/\/mk-interiors.pl\/wp-content\/uploads\/2026\/02\/ca5551f8-17bc-488c-9bd7-e30218876253-225x300.jpg 225w, https:\/\/mk-interiors.pl\/wp-content\/uploads\/2026\/02\/ca5551f8-17bc-488c-9bd7-e30218876253-1152x1536.jpg 1152w, https:\/\/mk-interiors.pl\/wp-content\/uploads\/2026\/02\/ca5551f8-17bc-488c-9bd7-e30218876253.jpg 1536w\" sizes=\"auto, (max-width: 768px) 100vw, 768px\" \/><\/figure>\n<\/figure>\n<\/div>\n<\/div>\n\n\n\n<h2 class=\"wp-block-heading\">Monta\u017c szyny sufitowej<\/h2>\n\n\n\n<ul class=\"wp-block-list\"><\/ul>\n\n\n\n<p><\/p>\n\n\n\n<p><strong>Nowe o\u015bwietlenie \u2013 wi\u0119cej klimatu i nowoczesno\u015bci<\/strong><br>Dotychczasowe o\u015bwietlenie oparte na lampach LED, cho\u0107 przez d\u0142ugi czas by\u0142o bardzo modne, nie do ko\u0144ca spe\u0142nia\u0142o oczekiwania domownik\u00f3w. Zbyt zimne i intensywne \u015bwiat\u0142o sprawia\u0142o, \u017ce wn\u0119trze traci\u0142o przytulny charakter i nie dawa\u0142o poczucia komfortu na co dzie\u0144.<br>Rozwi\u0105zaniem okaza\u0142 si\u0119 monta\u017c nowoczesnej szyny o\u015bwietleniowej na suficie. To system, kt\u00f3ry pozwala nie tylko na estetyczne wyko\u0144czenie wn\u0119trza, ale r\u00f3wnie\u017c na swobodne dopasowanie \u015bwiat\u0142a do potrzeb &#8211; zar\u00f3wno pod wzgl\u0119dem kierunku, jak i intensywno\u015bci.<br>Po monta\u017cu szyn wn\u0119trze zyska\u0142o zupe\u0142nie nowy charakter. Sta\u0142o si\u0119 jeszcze bardziej nowoczesne, a jednocze\u015bnie zdecydowanie bardziej klimatyczne i przyjemne w odbiorze. O\u015bwietlenie przesta\u0142o by\u0107 jedynie funkcjonalne &#8211; sta\u0142o si\u0119 wa\u017cnym elementem buduj\u0105cym atmosfer\u0119 ca\u0142ej przestrzeni.<\/p>\n\n\n\n<div class=\"wp-block-columns is-layout-flex wp-container-core-columns-is-layout-9d6595d7 wp-block-columns-is-layout-flex\">\n<div class=\"wp-block-column is-layout-flow wp-block-column-is-layout-flow\">\n<h2 class=\"wp-block-heading\">Przed<\/h2>\n<\/div>\n\n\n\n<div class=\"wp-block-column is-layout-flow wp-block-column-is-layout-flow\">\n<h2 class=\"wp-block-heading\">Po<\/h2>\n<\/div>\n<\/div>\n\n\n\n<div class=\"wp-block-columns is-layout-flex wp-container-core-columns-is-layout-9d6595d7 wp-block-columns-is-layout-flex\">\n<div class=\"wp-block-column is-layout-flow wp-block-column-is-layout-flow\">\n<figure class=\"wp-block-gallery has-nested-images columns-default is-cropped wp-block-gallery-3 is-layout-flex wp-block-gallery-is-layout-flex\">\n<figure class=\"wp-block-image size-large\"><img loading=\"lazy\" decoding=\"async\" width=\"768\" height=\"1024\" data-id=\"87\" src=\"https:\/\/mk-interiors.pl\/wp-content\/uploads\/2026\/02\/0b20c390-cbf1-4e91-b927-78807003a62c-1-768x1024.jpg\" alt=\"\" class=\"wp-image-87\" srcset=\"https:\/\/mk-interiors.pl\/wp-content\/uploads\/2026\/02\/0b20c390-cbf1-4e91-b927-78807003a62c-1-768x1024.jpg 768w, https:\/\/mk-interiors.pl\/wp-content\/uploads\/2026\/02\/0b20c390-cbf1-4e91-b927-78807003a62c-1-225x300.jpg 225w, https:\/\/mk-interiors.pl\/wp-content\/uploads\/2026\/02\/0b20c390-cbf1-4e91-b927-78807003a62c-1-1152x1536.jpg 1152w, https:\/\/mk-interiors.pl\/wp-content\/uploads\/2026\/02\/0b20c390-cbf1-4e91-b927-78807003a62c-1.jpg 1536w\" sizes=\"auto, (max-width: 768px) 100vw, 768px\" \/><\/figure>\n\n\n\n<figure class=\"wp-block-image size-large\"><img loading=\"lazy\" decoding=\"async\" width=\"768\" height=\"1024\" data-id=\"88\" src=\"https:\/\/mk-interiors.pl\/wp-content\/uploads\/2026\/02\/9233e286-a1b7-4676-aed8-b0348b93b8d7-1-768x1024.jpg\" alt=\"\" class=\"wp-image-88\" srcset=\"https:\/\/mk-interiors.pl\/wp-content\/uploads\/2026\/02\/9233e286-a1b7-4676-aed8-b0348b93b8d7-1-768x1024.jpg 768w, https:\/\/mk-interiors.pl\/wp-content\/uploads\/2026\/02\/9233e286-a1b7-4676-aed8-b0348b93b8d7-1-225x300.jpg 225w, https:\/\/mk-interiors.pl\/wp-content\/uploads\/2026\/02\/9233e286-a1b7-4676-aed8-b0348b93b8d7-1-1152x1536.jpg 1152w, https:\/\/mk-interiors.pl\/wp-content\/uploads\/2026\/02\/9233e286-a1b7-4676-aed8-b0348b93b8d7-1.jpg 1536w\" sizes=\"auto, (max-width: 768px) 100vw, 768px\" \/><\/figure>\n<\/figure>\n<\/div>\n\n\n\n<div class=\"wp-block-column is-layout-flow wp-block-column-is-layout-flow\">\n<figure class=\"wp-block-gallery has-nested-images columns-default is-cropped wp-block-gallery-4 is-layout-flex wp-block-gallery-is-layout-flex\">\n<figure class=\"wp-block-image size-large\"><img loading=\"lazy\" decoding=\"async\" width=\"1024\" height=\"768\" data-id=\"82\" src=\"https:\/\/mk-interiors.pl\/wp-content\/uploads\/2026\/02\/c4a2eb4e-7472-41f2-ba33-3d74e170679b-2-1024x768.jpg\" alt=\"\" class=\"wp-image-82\" srcset=\"https:\/\/mk-interiors.pl\/wp-content\/uploads\/2026\/02\/c4a2eb4e-7472-41f2-ba33-3d74e170679b-2-1024x768.jpg 1024w, https:\/\/mk-interiors.pl\/wp-content\/uploads\/2026\/02\/c4a2eb4e-7472-41f2-ba33-3d74e170679b-2-300x225.jpg 300w, https:\/\/mk-interiors.pl\/wp-content\/uploads\/2026\/02\/c4a2eb4e-7472-41f2-ba33-3d74e170679b-2-768x576.jpg 768w, https:\/\/mk-interiors.pl\/wp-content\/uploads\/2026\/02\/c4a2eb4e-7472-41f2-ba33-3d74e170679b-2-1536x1152.jpg 1536w, https:\/\/mk-interiors.pl\/wp-content\/uploads\/2026\/02\/c4a2eb4e-7472-41f2-ba33-3d74e170679b-2.jpg 2048w\" sizes=\"auto, (max-width: 1024px) 100vw, 1024px\" \/><\/figure>\n\n\n\n<figure class=\"wp-block-image size-large\"><img loading=\"lazy\" decoding=\"async\" width=\"806\" height=\"1024\" data-id=\"83\" src=\"https:\/\/mk-interiors.pl\/wp-content\/uploads\/2026\/02\/cb4888c2-96d9-4ee7-93f9-19660ddd9a3e-1-806x1024.jpg\" alt=\"\" class=\"wp-image-83\" srcset=\"https:\/\/mk-interiors.pl\/wp-content\/uploads\/2026\/02\/cb4888c2-96d9-4ee7-93f9-19660ddd9a3e-1-806x1024.jpg 806w, https:\/\/mk-interiors.pl\/wp-content\/uploads\/2026\/02\/cb4888c2-96d9-4ee7-93f9-19660ddd9a3e-1-236x300.jpg 236w, https:\/\/mk-interiors.pl\/wp-content\/uploads\/2026\/02\/cb4888c2-96d9-4ee7-93f9-19660ddd9a3e-1-768x976.jpg 768w, https:\/\/mk-interiors.pl\/wp-content\/uploads\/2026\/02\/cb4888c2-96d9-4ee7-93f9-19660ddd9a3e-1-1209x1536.jpg 1209w, https:\/\/mk-interiors.pl\/wp-content\/uploads\/2026\/02\/cb4888c2-96d9-4ee7-93f9-19660ddd9a3e-1.jpg 1612w\" sizes=\"auto, (max-width: 806px) 100vw, 806px\" \/><\/figure>\n<\/figure>\n<\/div>\n<\/div>\n","protected":false},"excerpt":{"rendered":"<p>Metamorfoza kuchni \u2013 szybka zmiana, nowoczesny efektKuchnia wymaga\u0142a od\u015bwie\u017cenia i nowego charakteru. Zielona, niemodna ju\u017c szyba kuchenna od dawna prosi\u0142a si\u0119 o zmian\u0119, a z biegiem lat &#8211; wraz z naturaln\u0105 prac\u0105 budynku oraz incydentalnym wierceniem na klatce schodowej &#8211; zacz\u0119\u0142a dodatkowo p\u0119ka\u0107. To by\u0142 wyra\u017any sygna\u0142, \u017ce czas na dzia\u0142anie.Zamiast tradycyjnych rozwi\u0105za\u0144 postawili\u015bmy na [&hellip;]<\/p>\n","protected":false},"author":1,"featured_media":0,"parent":0,"menu_order":0,"comment_status":"closed","ping_status":"closed","template":"","meta":{"footnotes":""},"class_list":["post-15","page","type-page","status-publish","hentry"],"jetpack_sharing_enabled":true,"_links":{"self":[{"href":"https:\/\/mk-interiors.pl\/index.php\/wp-json\/wp\/v2\/pages\/15","targetHints":{"allow":["GET"]}}],"collection":[{"href":"https:\/\/mk-interiors.pl\/index.php\/wp-json\/wp\/v2\/pages"}],"about":[{"href":"https:\/\/mk-interiors.pl\/index.php\/wp-json\/wp\/v2\/types\/page"}],"author":[{"embeddable":true,"href":"https:\/\/mk-interiors.pl\/index.php\/wp-json\/wp\/v2\/users\/1"}],"replies":[{"embeddable":true,"href":"https:\/\/mk-interiors.pl\/index.php\/wp-json\/wp\/v2\/comments?post=15"}],"version-history":[{"count":7,"href":"https:\/\/mk-interiors.pl\/index.php\/wp-json\/wp\/v2\/pages\/15\/revisions"}],"predecessor-version":[{"id":89,"href":"https:\/\/mk-interiors.pl\/index.php\/wp-json\/wp\/v2\/pages\/15\/revisions\/89"}],"wp:attachment":[{"href":"https:\/\/mk-interiors.pl\/index.php\/wp-json\/wp\/v2\/media?parent=15"}],"curies":[{"name":"wp","href":"https:\/\/api.w.org\/{rel}","templated":true}]}}